{"id":58904,"date":"2021-12-23T23:02:13","date_gmt":"2021-12-23T21:02:13","guid":{"rendered":"https:\/\/visitkustavi.fi\/beaches\/"},"modified":"2025-01-10T17:57:18","modified_gmt":"2025-01-10T15:57:18","slug":"sauna-and-swim","status":"publish","type":"page","link":"https:\/\/visitkustavi.fi\/en\/boating\/sauna-and-swim\/","title":{"rendered":"Saunas and beaches"},"content":{"rendered":"<div class=\"wpb-content-wrapper\"><h1>Go to swim, without or with sauna!<\/h1>\n<p>Kustavi offers four official swimming spots, providing excellent opportunities to take a refreshing dip in natural waters, whether in the sea or a lake. Alternatively, you can enjoy a swim in the sea directly from a sauna. Beyond these, there are numerous saunas to choose from, ranging from public sauna sessions at guest harbors to rental cottage saunas, ensuring everyone can find their ideal sauna experience. Kustavi&#8217;s saunas and swimming spots provide a versatile way to enjoy the serene charm and pristine nature of the archipelago.<\/p>\n<p>[vc_row full_width=&#8221;stretch_row&#8221; background_color=&#8221;custom_color&#8221; background_repeat=&#8221;repeat&#8221; background_size=&#8221;auto&#8221; custom_background_color=&#8221;#f2f2f2&#8243; lg_spacing=&#8221;padding_top:50;padding_bottom:50&#8243; background_image=&#8221;4507&#8243;][vc_column][vc_column_text]<\/p>\n<h2>Saunas<\/h2>\n<p><strong> There are several custom saunas in Kustavi for groups of different sizes, as well as a municipal public sauna. <\/strong><\/p>\n<div class=\"cptlist-wrapper\">\r\n\t\r\n\t\t\t\t\t\t\t\t\t\t\t<div class=\"cptlist-section cptlist-box kohde\"  data-desktop-columns=\"4\" data-tablet-columns=\"2\">\r\n\t\t\t\t\t\t\t\t\t\t\t\t<div class=\"lista-item type-kohde align-left\">\n\t\t<div class=\"lista-inner\">\n\t\t\t\t\t\t<div class=\"lista-kuva\">\n\t\t\t\t<a title=\"Avaa kohden sivu\" href=\"https:\/\/visitkustavi.fi\/en\/kohde\/lootholma-sauna-center\/\">\n\t\t\t\t\t<img decoding=\"async\" src=\"https:\/\/visitkustavi.fi\/wp-content\/uploads\/2020\/08\/IMG_20190605_133131-700x500.jpg\" role=\"presentation\" \/>\n\t\t\t\t<\/a>\n\t\t\t<\/div>\n\t\t\t\t\t\t<a title=\"Avaa kohden sivu\" href=\"https:\/\/visitkustavi.fi\/en\/kohde\/lootholma-sauna-center\/\" class=\"lista-data \">\n\t\t\t\t<h3 class=\"lista-otsikko\">Lootholma sauna center<\/h3>\n\t\t\t\t<p class=\"lista-ote\"><\/p>\n\t\t\t<\/a>\n\t\t<\/div>\n\t<\/div>\t<div class=\"lista-item type-kohde align-left\">\n\t\t<div class=\"lista-inner\">\n\t\t\t\t\t\t<div class=\"lista-kuva\">\n\t\t\t\t<a title=\"Avaa kohden sivu\" href=\"https:\/\/visitkustavi.fi\/en\/kohde\/vuosnaisten-meriasema-marine-station-custom-sauna\/\">\n\t\t\t\t\t<img decoding=\"async\" src=\"https:\/\/visitkustavi.fi\/wp-content\/uploads\/2020\/08\/Sauna-meriasema-540x500.jpg\" role=\"presentation\" \/>\n\t\t\t\t<\/a>\n\t\t\t<\/div>\n\t\t\t\t\t\t<a title=\"Avaa kohden sivu\" href=\"https:\/\/visitkustavi.fi\/en\/kohde\/vuosnaisten-meriasema-marine-station-custom-sauna\/\" class=\"lista-data \">\n\t\t\t\t<h3 class=\"lista-otsikko\">Vuosnaisten meriasema (marine station) custom sauna<\/h3>\n\t\t\t\t<p class=\"lista-ote\">A custom sauna will crown your day in Kustavi. The large sauna offers sweet steam for up to 12 people.<\/p>\n\t\t\t<\/a>\n\t\t<\/div>\n\t<\/div>\t<div class=\"lista-item type-kohde align-left\">\n\t\t<div class=\"lista-inner\">\n\t\t\t\t\t\t<div class=\"lista-kuva\">\n\t\t\t\t<a title=\"Avaa kohden sivu\" href=\"https:\/\/visitkustavi.fi\/en\/kohde\/katanpaa-custom-saunas\/\">\n\t\t\t\t\t<img decoding=\"async\" src=\"https:\/\/visitkustavi.fi\/wp-content\/uploads\/2020\/08\/Katanp\u00e4\u00e4-sauna-netti-700x500.jpg\" role=\"presentation\" \/>\n\t\t\t\t<\/a>\n\t\t\t<\/div>\n\t\t\t\t\t\t<a title=\"Avaa kohden sivu\" href=\"https:\/\/visitkustavi.fi\/en\/kohde\/katanpaa-custom-saunas\/\" class=\"lista-data \">\n\t\t\t\t<h3 class=\"lista-otsikko\">Katanp\u00e4\u00e4 custom saunas<\/h3>\n\t\t\t\t<p class=\"lista-ote\">The island has three custom saunas<\/p>\n\t\t\t<\/a>\n\t\t<\/div>\n\t<\/div>\t<div class=\"lista-item type-kohde align-left\">\n\t\t<div class=\"lista-inner\">\n\t\t\t\t\t\t<div class=\"lista-kuva\">\n\t\t\t\t<a title=\"Avaa kohden sivu\" href=\"https:\/\/visitkustavi.fi\/en\/kohde\/peterzens-custom-saunas\/\">\n\t\t\t\t\t<img decoding=\"async\" src=\"https:\/\/visitkustavi.fi\/wp-content\/uploads\/2020\/08\/Sauna-interior-700x500.jpg\" role=\"presentation\" \/>\n\t\t\t\t<\/a>\n\t\t\t<\/div>\n\t\t\t\t\t\t<a title=\"Avaa kohden sivu\" href=\"https:\/\/visitkustavi.fi\/en\/kohde\/peterzens-custom-saunas\/\" class=\"lista-data \">\n\t\t\t\t<h3 class=\"lista-otsikko\">Peterzens custom saunas<\/h3>\n\t\t\t\t<p class=\"lista-ote\">We rent private saunas for Boathouse guests, boaters and groups.<\/p>\n\t\t\t<\/a>\n\t\t<\/div>\n\t<\/div>\t<div class=\"lista-item type-kohde align-left\">\n\t\t<div class=\"lista-inner\">\n\t\t\t\t\t\t<div class=\"lista-kuva\">\n\t\t\t\t<a title=\"Avaa kohden sivu\" href=\"https:\/\/visitkustavi.fi\/en\/kohde\/lomavalkama-custom-sauna\/\">\n\t\t\t\t\t<img decoding=\"async\" src=\"https:\/\/visitkustavi.fi\/wp-content\/uploads\/2020\/10\/Lomavalkama-sauna.jpg\" role=\"presentation\" \/>\n\t\t\t\t<\/a>\n\t\t\t<\/div>\n\t\t\t\t\t\t<a title=\"Avaa kohden sivu\" href=\"https:\/\/visitkustavi.fi\/en\/kohde\/lomavalkama-custom-sauna\/\" class=\"lista-data \">\n\t\t\t\t<h3 class=\"lista-otsikko\">Lomavalkama custom sauna<\/h3>\n\t\t\t\t<p class=\"lista-ote\">There are three custom saunas in the Lomavalkama area.<\/p>\n\t\t\t<\/a>\n\t\t<\/div>\n\t<\/div>\t<div class=\"lista-item type-kohde align-left\">\n\t\t<div class=\"lista-inner\">\n\t\t\t\t\t\t<div class=\"lista-kuva\">\n\t\t\t\t<a title=\"Avaa kohden sivu\" href=\"https:\/\/visitkustavi.fi\/en\/kohde\/lomapalvelut-custom-sauna\/\">\n\t\t\t\t\t<img decoding=\"async\" src=\"https:\/\/visitkustavi.fi\/wp-content\/uploads\/2020\/07\/IMG_20200627_171615-700x500.jpg\" role=\"presentation\" \/>\n\t\t\t\t<\/a>\n\t\t\t<\/div>\n\t\t\t\t\t\t<a title=\"Avaa kohden sivu\" href=\"https:\/\/visitkustavi.fi\/en\/kohde\/lomapalvelut-custom-sauna\/\" class=\"lista-data \">\n\t\t\t\t<h3 class=\"lista-otsikko\">Lomapalvelut custom sauna<\/h3>\n\t\t\t\t<p class=\"lista-ote\">Leisure facilities include a regular sauna and a smoke sauna. If necessary, there is a larger group space for evening parties.<\/p>\n\t\t\t<\/a>\n\t\t<\/div>\n\t<\/div>\t<div class=\"lista-item type-kohde align-left\">\n\t\t<div class=\"lista-inner\">\n\t\t\t\t\t\t<div class=\"lista-kuva\">\n\t\t\t\t<a title=\"Avaa kohden sivu\" href=\"https:\/\/visitkustavi.fi\/en\/kohde\/klipunkari-sauna\/\">\n\t\t\t\t\t<img decoding=\"async\" src=\"https:\/\/visitkustavi.fi\/wp-content\/uploads\/2020\/08\/IMG_20190513_170641-700x500.jpg\" role=\"presentation\" \/>\n\t\t\t\t<\/a>\n\t\t\t<\/div>\n\t\t\t\t\t\t<a title=\"Avaa kohden sivu\" href=\"https:\/\/visitkustavi.fi\/en\/kohde\/klipunkari-sauna\/\" class=\"lista-data \">\n\t\t\t\t<h3 class=\"lista-otsikko\">Klipunkari sauna<\/h3>\n\t\t\t\t<p class=\"lista-ote\">The sauna is heated from April to October on Mondays and Thursdays from 5 pm to 9 pm and on Saturdays from 3 pm to 6 pm. The showers are open every day from 06:00 to 21:00.<\/p>\n\t\t\t<\/a>\n\t\t<\/div>\n\t<\/div>\t<div class=\"lista-item type-kohde align-left\">\n\t\t<div class=\"lista-inner\">\n\t\t\t\t\t\t<div class=\"lista-kuva\">\n\t\t\t\t<a title=\"Avaa kohden sivu\" href=\"https:\/\/visitkustavi.fi\/en\/kohde\/camping-house-sauna\/\">\n\t\t\t\t\t<img decoding=\"async\" src=\"https:\/\/visitkustavi.fi\/wp-content\/uploads\/2020\/10\/IMG_20200925_143856-700x500.jpg\" role=\"presentation\" \/>\n\t\t\t\t<\/a>\n\t\t\t<\/div>\n\t\t\t\t\t\t<a title=\"Avaa kohden sivu\" href=\"https:\/\/visitkustavi.fi\/en\/kohde\/camping-house-sauna\/\" class=\"lista-data \">\n\t\t\t\t<h3 class=\"lista-otsikko\">Camping house sauna<\/h3>\n\t\t\t\t<p class=\"lista-ote\">The sauna of the camping house for even a larger group of evenings.<\/p>\n\t\t\t<\/a>\n\t\t<\/div>\n\t<\/div>\t\t\t\t\t\t\t\t<\/div>\r\n\t\t\t\t\t<\/div>\r\n\t[\/vc_column_text][\/vc_column][\/vc_row]<\/p>\n<p>[vc_row full_width=&#8221;stretch_row&#8221; background_color=&#8221;custom_color&#8221; background_repeat=&#8221;repeat&#8221; background_size=&#8221;auto&#8221; custom_background_color=&#8221;#f2f2f2&#8243; lg_spacing=&#8221;padding_top:50;padding_bottom:50&#8243; background_image=&#8221;4507&#8243;][vc_column][vc_column_text]<\/p>\n<h2>Beaches<\/h2>\n<p><strong> There are three public beaches in Kustavi that are free for everyone to use. Many providers also have their own beaches. <\/strong><\/p>\n<div class=\"cptlist-wrapper\">\r\n\t\r\n\t\t\t\t\t\t\t\t\t\t\t<div class=\"cptlist-section cptlist-box kohde\"  data-desktop-columns=\"4\" data-tablet-columns=\"2\">\r\n\t\t\t\t\t\t\t\t\t\t\t\t<div class=\"lista-item type-kohde align-left\">\n\t\t<div class=\"lista-inner\">\n\t\t\t\t\t\t<div class=\"lista-kuva\">\n\t\t\t\t<a title=\"Avaa kohden sivu\" href=\"https:\/\/visitkustavi.fi\/en\/kohde\/lootholma-beach\/\">\n\t\t\t\t\t<img decoding=\"async\" src=\"https:\/\/visitkustavi.fi\/wp-content\/uploads\/2020\/08\/Lootholma-hiekkaranta-700x500.jpg\" role=\"presentation\" \/>\n\t\t\t\t<\/a>\n\t\t\t<\/div>\n\t\t\t\t\t\t<a title=\"Avaa kohden sivu\" href=\"https:\/\/visitkustavi.fi\/en\/kohde\/lootholma-beach\/\" class=\"lista-data \">\n\t\t\t\t<h3 class=\"lista-otsikko\">Lootholma beach<\/h3>\n\t\t\t\t<p class=\"lista-ote\">There are two sandy, shallow child-friendly  beaches in the area.<\/p>\n\t\t\t<\/a>\n\t\t<\/div>\n\t<\/div>\t<div class=\"lista-item type-kohde align-left\">\n\t\t<div class=\"lista-inner\">\n\t\t\t\t\t\t<div class=\"lista-kuva\">\n\t\t\t\t<a title=\"Avaa kohden sivu\" href=\"https:\/\/visitkustavi.fi\/en\/kohde\/laukkari-beach\/\">\n\t\t\t\t\t<img decoding=\"async\" src=\"https:\/\/visitkustavi.fi\/wp-content\/uploads\/2020\/08\/IMG_20200804_114137-700x500.jpg\" role=\"presentation\" \/>\n\t\t\t\t<\/a>\n\t\t\t<\/div>\n\t\t\t\t\t\t<a title=\"Avaa kohden sivu\" href=\"https:\/\/visitkustavi.fi\/en\/kohde\/laukkari-beach\/\" class=\"lista-data \">\n\t\t\t\t<h3 class=\"lista-otsikko\">Laukkari beach<\/h3>\n\t\t\t\t<p class=\"lista-ote\">Nestled amidst the scenic beauty of Kustavi, Laukkari beach and Shed offer a perfect spot for relaxation. Surrounded by lush forests and tranquil landscapes, this charming lean-to shelter is an ideal destination for anyone looking to enjoy nature at its finest. Activities and Amenities: &#8211; Picnicking:\u00a0Bring your favorite snacks and enjoy a meal in the open air, with the serene surroundings providing the perfect backdrop. &#8211; Hiking and Exploring: Discover the nearby forest trails or take a leisurely stroll along Laukkari Beach. &#8211; Swimming: Laukkari Beach\u2019s calm waters offer a refreshing opportunity for a dip, especially on warm summer days. &#8211; Campfires: A designated fire pit near the shed allows for cozy gatherings and cooking, provided local fire regulations are followed. Location and Accessibility: The Laukkari Shed is situated near Laukkari Beach at Ruoninluodontie 100 D. Follow the signs from Ini\u00f6ntie to reach the area. The main parking lot is approximately 100 meters from the shed, with closer parking available for individuals with disabilities. The shed and surrounding areas are designed to be inclusive, ensuring everyone can enjoy their visit. Overnight Stays: Visitors are welcome to stay overnight, as long as it does not disturb other users or the natural environment. This makes it a great option for campers seeking a peaceful retreat. Whether you\u2019re stopping by for a short break, spending a day with loved ones, or enjoying a night under the stars, Laukkari Shed provides a welcoming and serene setting for all. &nbsp; Locker rooms, woods, rocky shore, pier, and public shed. Spaces and areas are not accessible.<\/p>\n\t\t\t<\/a>\n\t\t<\/div>\n\t<\/div>\t<div class=\"lista-item type-kohde align-left\">\n\t\t<div class=\"lista-inner\">\n\t\t\t\t\t\t<div class=\"lista-kuva\">\n\t\t\t\t<a title=\"Avaa kohden sivu\" href=\"https:\/\/visitkustavi.fi\/en\/kohde\/klipunkari-beach\/\">\n\t\t\t\t\t<img decoding=\"async\" src=\"https:\/\/visitkustavi.fi\/wp-content\/uploads\/2020\/07\/uimarannat-700x500.jpg\" role=\"presentation\" \/>\n\t\t\t\t<\/a>\n\t\t\t<\/div>\n\t\t\t\t\t\t<a title=\"Avaa kohden sivu\" href=\"https:\/\/visitkustavi.fi\/en\/kohde\/klipunkari-beach\/\" class=\"lista-data \">\n\t\t\t\t<h3 class=\"lista-otsikko\">Klipunkari beach<\/h3>\n\t\t\t\t<p class=\"lista-ote\">Changing rooms, sauna, showers, wooden outhouse, sandy beach, large pier and springboard.<\/p>\n\t\t\t<\/a>\n\t\t<\/div>\n\t<\/div>\t<div class=\"lista-item type-kohde align-left no-thumbnail\">\n\t\t<div class=\"lista-inner\">\n\t\t\t\t\t\t<div class=\"lista-kuva\">\n\t\t\t\t<a title=\"Avaa kohden sivu\" href=\"https:\/\/visitkustavi.fi\/en\/kohde\/hilappajarvi-swimming-site\/\">\n\t\t\t\t\t<img decoding=\"async\" src=\"\/wp-content\/uploads\/2024\/01\/kohde-placeholder.jpg\" role=\"presentation\" \/>\n\t\t\t\t<\/a>\n\t\t\t<\/div>\n\t\t\t\t\t\t<a title=\"Avaa kohden sivu\" href=\"https:\/\/visitkustavi.fi\/en\/kohde\/hilappajarvi-swimming-site\/\" class=\"lista-data no-thumbnail\">\n\t\t\t\t<h3 class=\"lista-otsikko\">Hilappaj\u00e4rvi Swimming Site<\/h3>\n\t\t\t\t<p class=\"lista-ote\">Hilappaj\u00e4rvi Swimming Site The address for Hilappaj\u00e4rvi Swimming Site is: Vuosnaistentie 414, Kustavi. Hilappaj\u00e4rvi is a serene swimming site, perfect for relaxation and outdoor enjoyment. Easily accessible, it offers a sandy shore ideal for families or anyone seeking a refreshing dip in natural waters. Facilities include a picnic area with benches, a toilet, and a changing room for a comfortable visit. In summer, Hilappaj\u00e4rvi is a favorite among locals and visitors alike, offering a welcoming atmosphere. Whether you&#8217;re looking to swim or simply enjoy the natural beauty, Hilappaj\u00e4rvi Swimming Site is an excellent choice.<\/p>\n\t\t\t<\/a>\n\t\t<\/div>\n\t<\/div>\t\t\t\t\t\t\t\t<\/div>\r\n\t\t\t\t\t<\/div>\r\n\t[\/vc_column_text][\/vc_column][\/vc_row]<\/p>\n<\/div>","protected":false},"excerpt":{"rendered":"Go to swim, without or with sauna! Kustavi offers four official swimming spots, providing excellent opportunities to take a refreshing dip in natural waters, whether in the sea or a lake. Alternatively, you can enjoy a swim in the sea directly from a sauna. Beyond these, there are numerous saunas to choose from, ranging from public sauna sessions at guest harbors to rental cottage saunas, ensuring everyone can find their ideal sauna experience. Kustavi&#8217;s saunas and swimming spots provide a versatile way to enjoy the serene charm and pristine nature of the archipelago. [vc_row full_width=&#8221;stretch_row&#8221; background_color=&#8221;custom_color&#8221; background_repeat=&#8221;repeat&#8221; background_size=&#8221;auto&#8221; custom_background_color=&#8221;#f2f2f2&#8243; lg_spacing=&#8221;padding_top:50;padding_bottom:50&#8243; background_image=&#8221;4507&#8243;][vc_column][vc_column_text] Saunas There are several custom saunas in Kustavi for groups of different sizes, as well as a municipal public sauna. [\/vc_column_text][\/vc_column][\/vc_row] [vc_row full_width=&#8221;stretch_row&#8221; background_color=&#8221;custom_color&#8221; background_repeat=&#8221;repeat&#8221; background_size=&#8221;auto&#8221; custom_background_color=&#8221;#f2f2f2&#8243; lg_spacing=&#8221;padding_top:50;padding_bottom:50&#8243; background_image=&#8221;4507&#8243;][vc_column][vc_column_text] Beaches There are three public beaches in Kustavi that are free for everyone to use. Many providers also have their own beaches. [\/vc_column_text][\/vc_column][\/vc_row]","protected":false},"author":2,"featured_media":0,"parent":58973,"menu_order":5,"comment_status":"closed","ping_status":"closed","template":"","meta":{"_acf_changed":false,"footnotes":""},"tags":[],"class_list":["post-58904","page","type-page","status-publish","hentry"],"acf":[],"yoast_head":"<!-- This site is optimized with the Yoast SEO plugin v27.2 - https:\/\/yoast.com\/product\/yoast-seo-wordpress\/ -->\n<title>Beaches in Kustavi - Visit Kustavi<\/title>\n<meta name=\"description\" content=\"Kustavi has four public beaches that are free for everyone to use. There are also vatiety saunas to chose\" \/>\n<meta name=\"robots\" content=\"index, follow, max-snippet:-1, max-image-preview:large, max-video-preview:-1\" \/>\n<link rel=\"canonical\" href=\"https:\/\/visitkustavi.fi\/en\/boating\/sauna-and-swim\/\" \/>\n<meta property=\"og:locale\" content=\"en_US\" \/>\n<meta property=\"og:type\" content=\"article\" \/>\n<meta property=\"og:title\" content=\"Beaches in Kustavi - Visit Kustavi\" \/>\n<meta property=\"og:description\" content=\"Kustavi has four public beaches that are free for everyone to use. There are also vatiety saunas to chose\" \/>\n<meta property=\"og:url\" content=\"https:\/\/visitkustavi.fi\/en\/boating\/sauna-and-swim\/\" \/>\n<meta property=\"og:site_name\" content=\"Visit Kustavi\" \/>\n<meta property=\"article:publisher\" content=\"https:\/\/www.facebook.com\/visitkustavi\/\" \/>\n<meta property=\"article:modified_time\" content=\"2025-01-10T15:57:18+00:00\" \/>\n<meta property=\"og:image\" content=\"https:\/\/visitkustavi.fi\/wp-content\/uploads\/2024\/01\/facebook-linkki.jpg\" \/>\n\t<meta property=\"og:image:width\" content=\"1200\" \/>\n\t<meta property=\"og:image:height\" content=\"630\" \/>\n\t<meta property=\"og:image:type\" content=\"image\/jpeg\" \/>\n<meta name=\"twitter:card\" content=\"summary_large_image\" \/>\n<meta name=\"twitter:label1\" content=\"Est. reading time\" \/>\n\t<meta name=\"twitter:data1\" content=\"2 minutes\" \/>\n<script type=\"application\/ld+json\" class=\"yoast-schema-graph\">{\"@context\":\"https:\/\/schema.org\",\"@graph\":[{\"@type\":\"WebPage\",\"@id\":\"https:\/\/visitkustavi.fi\/en\/boating\/sauna-and-swim\/\",\"url\":\"https:\/\/visitkustavi.fi\/en\/boating\/sauna-and-swim\/\",\"name\":\"Beaches in Kustavi - Visit Kustavi\",\"isPartOf\":{\"@id\":\"https:\/\/visitkustavi.fi\/en\/#website\"},\"datePublished\":\"2021-12-23T21:02:13+00:00\",\"dateModified\":\"2025-01-10T15:57:18+00:00\",\"description\":\"Kustavi has four public beaches that are free for everyone to use. There are also vatiety saunas to chose\",\"breadcrumb\":{\"@id\":\"https:\/\/visitkustavi.fi\/en\/boating\/sauna-and-swim\/#breadcrumb\"},\"inLanguage\":\"en-US\",\"potentialAction\":[{\"@type\":\"ReadAction\",\"target\":[\"https:\/\/visitkustavi.fi\/en\/boating\/sauna-and-swim\/\"]}]},{\"@type\":\"BreadcrumbList\",\"@id\":\"https:\/\/visitkustavi.fi\/en\/boating\/sauna-and-swim\/#breadcrumb\",\"itemListElement\":[{\"@type\":\"ListItem\",\"position\":1,\"name\":\"Home\",\"item\":\"https:\/\/visitkustavi.fi\/en\/\"},{\"@type\":\"ListItem\",\"position\":2,\"name\":\"Experience the Archipelago Sea\",\"item\":\"https:\/\/visitkustavi.fi\/en\/boating\/\"},{\"@type\":\"ListItem\",\"position\":3,\"name\":\"Saunas and beaches\"}]},{\"@type\":\"WebSite\",\"@id\":\"https:\/\/visitkustavi.fi\/en\/#website\",\"url\":\"https:\/\/visitkustavi.fi\/en\/\",\"name\":\"Visit Kustavi\",\"description\":\"\",\"publisher\":{\"@id\":\"https:\/\/visitkustavi.fi\/en\/#organization\"},\"potentialAction\":[{\"@type\":\"SearchAction\",\"target\":{\"@type\":\"EntryPoint\",\"urlTemplate\":\"https:\/\/visitkustavi.fi\/en\/?s={search_term_string}\"},\"query-input\":{\"@type\":\"PropertyValueSpecification\",\"valueRequired\":true,\"valueName\":\"search_term_string\"}}],\"inLanguage\":\"en-US\"},{\"@type\":\"Organization\",\"@id\":\"https:\/\/visitkustavi.fi\/en\/#organization\",\"name\":\"Visit Kustavi\",\"url\":\"https:\/\/visitkustavi.fi\/en\/\",\"logo\":{\"@type\":\"ImageObject\",\"inLanguage\":\"en-US\",\"@id\":\"https:\/\/visitkustavi.fi\/en\/#\/schema\/logo\/image\/\",\"url\":\"https:\/\/visitkustavi.fi\/wp-content\/uploads\/2021\/01\/Logo_VisitKustavi-1.png\",\"contentUrl\":\"https:\/\/visitkustavi.fi\/wp-content\/uploads\/2021\/01\/Logo_VisitKustavi-1.png\",\"width\":1500,\"height\":800,\"caption\":\"Visit Kustavi\"},\"image\":{\"@id\":\"https:\/\/visitkustavi.fi\/en\/#\/schema\/logo\/image\/\"},\"sameAs\":[\"https:\/\/www.facebook.com\/visitkustavi\/\",\"https:\/\/www.instagram.com\/visitkustavi\/\",\"https:\/\/www.youtube.com\/channel\/UCt3g5LfuUo-6lJjqyZWSFKw\"]}]}<\/script>\n<!-- \/ Yoast SEO plugin. -->","yoast_head_json":{"title":"Beaches in Kustavi - Visit Kustavi","description":"Kustavi has four public beaches that are free for everyone to use. There are also vatiety saunas to chose","robots":{"index":"index","follow":"follow","max-snippet":"max-snippet:-1","max-image-preview":"max-image-preview:large","max-video-preview":"max-video-preview:-1"},"canonical":"https:\/\/visitkustavi.fi\/en\/boating\/sauna-and-swim\/","og_locale":"en_US","og_type":"article","og_title":"Beaches in Kustavi - Visit Kustavi","og_description":"Kustavi has four public beaches that are free for everyone to use. There are also vatiety saunas to chose","og_url":"https:\/\/visitkustavi.fi\/en\/boating\/sauna-and-swim\/","og_site_name":"Visit Kustavi","article_publisher":"https:\/\/www.facebook.com\/visitkustavi\/","article_modified_time":"2025-01-10T15:57:18+00:00","og_image":[{"width":1200,"height":630,"url":"https:\/\/visitkustavi.fi\/wp-content\/uploads\/2024\/01\/facebook-linkki.jpg","type":"image\/jpeg"}],"twitter_card":"summary_large_image","twitter_misc":{"Est. reading time":"2 minutes"},"schema":{"@context":"https:\/\/schema.org","@graph":[{"@type":"WebPage","@id":"https:\/\/visitkustavi.fi\/en\/boating\/sauna-and-swim\/","url":"https:\/\/visitkustavi.fi\/en\/boating\/sauna-and-swim\/","name":"Beaches in Kustavi - Visit Kustavi","isPartOf":{"@id":"https:\/\/visitkustavi.fi\/en\/#website"},"datePublished":"2021-12-23T21:02:13+00:00","dateModified":"2025-01-10T15:57:18+00:00","description":"Kustavi has four public beaches that are free for everyone to use. There are also vatiety saunas to chose","breadcrumb":{"@id":"https:\/\/visitkustavi.fi\/en\/boating\/sauna-and-swim\/#breadcrumb"},"inLanguage":"en-US","potentialAction":[{"@type":"ReadAction","target":["https:\/\/visitkustavi.fi\/en\/boating\/sauna-and-swim\/"]}]},{"@type":"BreadcrumbList","@id":"https:\/\/visitkustavi.fi\/en\/boating\/sauna-and-swim\/#breadcrumb","itemListElement":[{"@type":"ListItem","position":1,"name":"Home","item":"https:\/\/visitkustavi.fi\/en\/"},{"@type":"ListItem","position":2,"name":"Experience the Archipelago Sea","item":"https:\/\/visitkustavi.fi\/en\/boating\/"},{"@type":"ListItem","position":3,"name":"Saunas and beaches"}]},{"@type":"WebSite","@id":"https:\/\/visitkustavi.fi\/en\/#website","url":"https:\/\/visitkustavi.fi\/en\/","name":"Visit Kustavi","description":"","publisher":{"@id":"https:\/\/visitkustavi.fi\/en\/#organization"},"potentialAction":[{"@type":"SearchAction","target":{"@type":"EntryPoint","urlTemplate":"https:\/\/visitkustavi.fi\/en\/?s={search_term_string}"},"query-input":{"@type":"PropertyValueSpecification","valueRequired":true,"valueName":"search_term_string"}}],"inLanguage":"en-US"},{"@type":"Organization","@id":"https:\/\/visitkustavi.fi\/en\/#organization","name":"Visit Kustavi","url":"https:\/\/visitkustavi.fi\/en\/","logo":{"@type":"ImageObject","inLanguage":"en-US","@id":"https:\/\/visitkustavi.fi\/en\/#\/schema\/logo\/image\/","url":"https:\/\/visitkustavi.fi\/wp-content\/uploads\/2021\/01\/Logo_VisitKustavi-1.png","contentUrl":"https:\/\/visitkustavi.fi\/wp-content\/uploads\/2021\/01\/Logo_VisitKustavi-1.png","width":1500,"height":800,"caption":"Visit Kustavi"},"image":{"@id":"https:\/\/visitkustavi.fi\/en\/#\/schema\/logo\/image\/"},"sameAs":["https:\/\/www.facebook.com\/visitkustavi\/","https:\/\/www.instagram.com\/visitkustavi\/","https:\/\/www.youtube.com\/channel\/UCt3g5LfuUo-6lJjqyZWSFKw"]}]}},"_links":{"self":[{"href":"https:\/\/visitkustavi.fi\/en\/wp-json\/wp\/v2\/pages\/58904","targetHints":{"allow":["GET"]}}],"collection":[{"href":"https:\/\/visitkustavi.fi\/en\/wp-json\/wp\/v2\/pages"}],"about":[{"href":"https:\/\/visitkustavi.fi\/en\/wp-json\/wp\/v2\/types\/page"}],"author":[{"embeddable":true,"href":"https:\/\/visitkustavi.fi\/en\/wp-json\/wp\/v2\/users\/2"}],"replies":[{"embeddable":true,"href":"https:\/\/visitkustavi.fi\/en\/wp-json\/wp\/v2\/comments?post=58904"}],"version-history":[{"count":4,"href":"https:\/\/visitkustavi.fi\/en\/wp-json\/wp\/v2\/pages\/58904\/revisions"}],"predecessor-version":[{"id":64776,"href":"https:\/\/visitkustavi.fi\/en\/wp-json\/wp\/v2\/pages\/58904\/revisions\/64776"}],"up":[{"embeddable":true,"href":"https:\/\/visitkustavi.fi\/en\/wp-json\/wp\/v2\/pages\/58973"}],"wp:attachment":[{"href":"https:\/\/visitkustavi.fi\/en\/wp-json\/wp\/v2\/media?parent=58904"}],"wp:term":[{"taxonomy":"post_tag","embeddable":true,"href":"https:\/\/visitkustavi.fi\/en\/wp-json\/wp\/v2\/tags?post=58904"}],"curies":[{"name":"wp","href":"https:\/\/api.w.org\/{rel}","templated":true}]}}