{"id":58421,"date":"2021-12-21T22:53:25","date_gmt":"2021-12-21T20:53:25","guid":{"rendered":"https:\/\/visitkustavi.fi\/welcome-to-kustavi\/connections-and-schedules\/by-ship\/"},"modified":"2021-12-21T22:53:25","modified_gmt":"2021-12-21T20:53:25","slug":"by-ship","status":"publish","type":"page","link":"https:\/\/visitkustavi.fi\/en\/planning-trip\/connections-and-schedules\/by-ship\/","title":{"rendered":"By ship"},"content":{"rendered":"<h2>By ship to Kustavi<\/h2>\n<p>The nearest passenger ports are Naantali, Turku, Hanko and Helsinki. Ship connections to these ports come from Sweden, \u00c5land, Estonia, Latvia, Russia and Germany.<\/p>\n<p>Check the routes and timetables on the shipping companies&#8217; websites:<\/p>\n<ul>\n<li><a href=\"https:\/\/www.finnlines.com\/fi\" target=\"_blank\" rel=\"noopener noreferrer\">Finnlines<\/a><\/li>\n<li><a href=\"https:\/\/www.vikingline.fi\/\" target=\"_blank\" rel=\"noopener noreferrer\">Viking Line<\/a><\/li>\n<li><a href=\"https:\/\/www.tallinksilja.fi\/etsi-matka\" target=\"_blank\" rel=\"noopener noreferrer\">TallinkSilja<\/a><\/li>\n<\/ul>\n<p>The connection to Kustavi can be reached by car, taxi, bus or rental car.<\/p>\n<h4>What are you coming with?<\/h4>\n\t\t\t\t\t\t<div class=\"featuredlinks-wrapper\" data-desktop-columns=\"3\">\r\n\t\t\t\t\t\t\t\r\n<div class=\"lista-item type-nosto align-center\">\r\n\t<div class=\"lista-inner\">\r\n\t\t\r\n\t\t\t\t\t\t\t<div class=\"lista-kuva\">\r\n\t\t\t\t\t<a title=\"Maanteitse\" href=\"https:\/\/visitkustavi.fi\/tervetuloa-kustaviin\/saariston-kulkuyhteydet\/maanteitse\/\" target=\"_self\">\r\n\t\t\t\t\t\t<img decoding=\"async\" src=\"https:\/\/visitkustavi.fi\/wp-content\/uploads\/2020\/10\/maanteitse.jpg\" role=\"presentation\" \/>\r\n\t\t\t\t\t<\/a>\r\n\t\t\t\t<\/diV>\r\n\t\t\t\r\n\t\t\t\t<a title=\"Avaa sivu\" href=\"https:\/\/visitkustavi.fi\/tervetuloa-kustaviin\/saariston-kulkuyhteydet\/maanteitse\/\" class=\"lista-data\" target=\"_self\">\r\n\t\t\t\t\t<h3 class=\"lista-otsikko\">Maanteitse<\/h3>\r\n\t\t\t\t\t<p class=\"lista-ote\"><\/p>\t\r\n\t\t\t\t<\/a>\r\n\t\t\t\t\t\r\n\t<\/div>\r\n<\/div>\r\n<div class=\"lista-item type-nosto align-center\">\r\n\t<div class=\"lista-inner\">\r\n\t\t\r\n\t\t\t\t\t\t\t<div class=\"lista-kuva\">\r\n\t\t\t\t\t<a title=\"Bussilla\" href=\"\" target=\"_self\">\r\n\t\t\t\t\t\t<img decoding=\"async\" src=\"https:\/\/visitkustavi.fi\/wp-content\/uploads\/2020\/10\/bussilla.jpg\" role=\"presentation\" \/>\r\n\t\t\t\t\t<\/a>\r\n\t\t\t\t<\/diV>\r\n\t\t\t\r\n\t\t\t\t<a title=\"Avaa sivu\" href=\"\" class=\"lista-data\" target=\"_self\">\r\n\t\t\t\t\t<h3 class=\"lista-otsikko\">Bussilla<\/h3>\r\n\t\t\t\t\t<p class=\"lista-ote\"><\/p>\t\r\n\t\t\t\t<\/a>\r\n\t\t\t\t\t\r\n\t<\/div>\r\n<\/div>\r\n<div class=\"lista-item type-nosto align-center\">\r\n\t<div class=\"lista-inner\">\r\n\t\t\r\n\t\t\t\t\t\t\t<div class=\"lista-kuva\">\r\n\t\t\t\t\t<a title=\"Lautalla\" href=\"\" target=\"_self\">\r\n\t\t\t\t\t\t<img decoding=\"async\" src=\"https:\/\/visitkustavi.fi\/wp-content\/uploads\/2020\/10\/lautalla.jpg\" role=\"presentation\" \/>\r\n\t\t\t\t\t<\/a>\r\n\t\t\t\t<\/diV>\r\n\t\t\t\r\n\t\t\t\t<a title=\"Avaa sivu\" href=\"\" class=\"lista-data\" target=\"_self\">\r\n\t\t\t\t\t<h3 class=\"lista-otsikko\">Lautalla<\/h3>\r\n\t\t\t\t\t<p class=\"lista-ote\"><\/p>\t\r\n\t\t\t\t<\/a>\r\n\t\t\t\t\t\r\n\t<\/div>\r\n<\/div>\r\n<div class=\"lista-item type-nosto align-center\">\r\n\t<div class=\"lista-inner\">\r\n\t\t\r\n\t\t\t\t\t\t\t<div class=\"lista-kuva\">\r\n\t\t\t\t\t<a title=\"Taksilla\" href=\"\" target=\"_self\">\r\n\t\t\t\t\t\t<img decoding=\"async\" src=\"https:\/\/visitkustavi.fi\/wp-content\/uploads\/2020\/10\/taksilla.jpg\" role=\"presentation\" \/>\r\n\t\t\t\t\t<\/a>\r\n\t\t\t\t<\/diV>\r\n\t\t\t\r\n\t\t\t\t<a title=\"Avaa sivu\" href=\"\" class=\"lista-data\" target=\"_self\">\r\n\t\t\t\t\t<h3 class=\"lista-otsikko\">Taksilla<\/h3>\r\n\t\t\t\t\t<p class=\"lista-ote\"><\/p>\t\r\n\t\t\t\t<\/a>\r\n\t\t\t\t\t\r\n\t<\/div>\r\n<\/div>\r\n<div class=\"lista-item type-nosto align-center\">\r\n\t<div class=\"lista-inner\">\r\n\t\t\r\n\t\t\t\t\t\t\t<div class=\"lista-kuva\">\r\n\t\t\t\t\t<a title=\"Veneell\u00e4\" href=\"\" target=\"_self\">\r\n\t\t\t\t\t\t<img decoding=\"async\" src=\"https:\/\/visitkustavi.fi\/wp-content\/uploads\/2020\/10\/veneella.jpg\" role=\"presentation\" \/>\r\n\t\t\t\t\t<\/a>\r\n\t\t\t\t<\/diV>\r\n\t\t\t\r\n\t\t\t\t<a title=\"Avaa sivu\" href=\"\" class=\"lista-data\" target=\"_self\">\r\n\t\t\t\t\t<h3 class=\"lista-otsikko\">Veneell\u00e4<\/h3>\r\n\t\t\t\t\t<p class=\"lista-ote\"><\/p>\t\r\n\t\t\t\t<\/a>\r\n\t\t\t\t\t\r\n\t<\/div>\r\n<\/div>\r\n<div class=\"lista-item type-nosto align-center\">\r\n\t<div class=\"lista-inner\">\r\n\t\t\r\n\t\t\t\t\t\t\t<div class=\"lista-kuva\">\r\n\t\t\t\t\t<a title=\"Laivalla\" href=\"\" target=\"_self\">\r\n\t\t\t\t\t\t<img decoding=\"async\" src=\"https:\/\/visitkustavi.fi\/wp-content\/uploads\/2020\/10\/laivalla.jpg\" role=\"presentation\" \/>\r\n\t\t\t\t\t<\/a>\r\n\t\t\t\t<\/diV>\r\n\t\t\t\r\n\t\t\t\t<a title=\"Avaa sivu\" href=\"\" class=\"lista-data\" target=\"_self\">\r\n\t\t\t\t\t<h3 class=\"lista-otsikko\">Laivalla<\/h3>\r\n\t\t\t\t\t<p class=\"lista-ote\"><\/p>\t\r\n\t\t\t\t<\/a>\r\n\t\t\t\t\t\r\n\t<\/div>\r\n<\/div>\r\n<div class=\"lista-item type-nosto align-center\">\r\n\t<div class=\"lista-inner\">\r\n\t\t\r\n\t\t\t\t\t\t\t<div class=\"lista-kuva\">\r\n\t\t\t\t\t<a title=\"Junalla\" href=\"\" target=\"_self\">\r\n\t\t\t\t\t\t<img decoding=\"async\" src=\"https:\/\/visitkustavi.fi\/wp-content\/uploads\/2020\/10\/junalla.jpg\" role=\"presentation\" \/>\r\n\t\t\t\t\t<\/a>\r\n\t\t\t\t<\/diV>\r\n\t\t\t\r\n\t\t\t\t<a title=\"Avaa sivu\" href=\"\" class=\"lista-data\" target=\"_self\">\r\n\t\t\t\t\t<h3 class=\"lista-otsikko\">Junalla<\/h3>\r\n\t\t\t\t\t<p class=\"lista-ote\"><\/p>\t\r\n\t\t\t\t<\/a>\r\n\t\t\t\t\t\r\n\t<\/div>\r\n<\/div>\r\n<div class=\"lista-item type-nosto align-center\">\r\n\t<div class=\"lista-inner\">\r\n\t\t\r\n\t\t\t\t\t\t\t<div class=\"lista-kuva\">\r\n\t\t\t\t\t<a title=\"Lent\u00e4m\u00e4ll\u00e4\" href=\"\" target=\"_self\">\r\n\t\t\t\t\t\t<img decoding=\"async\" src=\"https:\/\/visitkustavi.fi\/wp-content\/uploads\/2020\/10\/lentamalla.jpg\" role=\"presentation\" \/>\r\n\t\t\t\t\t<\/a>\r\n\t\t\t\t<\/diV>\r\n\t\t\t\r\n\t\t\t\t<a title=\"Avaa sivu\" href=\"\" class=\"lista-data\" target=\"_self\">\r\n\t\t\t\t\t<h3 class=\"lista-otsikko\">Lent\u00e4m\u00e4ll\u00e4<\/h3>\r\n\t\t\t\t\t<p class=\"lista-ote\"><\/p>\t\r\n\t\t\t\t<\/a>\r\n\t\t\t\t\t\r\n\t<\/div>\r\n<\/div>\t\t\t\t\t\t<\/div>\r\n\t\t\t\t\t\t\n","protected":false},"excerpt":{"rendered":"By ship to Kustavi The nearest passenger ports are Naantali, Turku, Hanko and Helsinki. Ship connections to these ports come from Sweden, \u00c5land, Estonia, Latvia, Russia and Germany. Check the routes and timetables on the shipping companies&#8217; websites: Finnlines Viking Line TallinkSilja The connection to Kustavi can be reached by car, taxi, bus or rental car. What are you coming with?","protected":false},"author":2,"featured_media":0,"parent":58395,"menu_order":3,"comment_status":"closed","ping_status":"closed","template":"","meta":{"_acf_changed":false,"footnotes":""},"tags":[],"class_list":["post-58421","page","type-page","status-publish","hentry"],"acf":[],"yoast_head":"<!-- This site is optimized with the Yoast SEO plugin v27.2 - https:\/\/yoast.com\/product\/yoast-seo-wordpress\/ -->\n<title>By ship to Kustavi - Visit Kustavi<\/title>\n<meta name=\"description\" content=\"The nearest passenger ports are Naantali, Turku, Hanko and Helsinki. Check the routes and timetables on the shipping companies&#039; websites.\" \/>\n<meta name=\"robots\" content=\"index, follow, max-snippet:-1, max-image-preview:large, max-video-preview:-1\" \/>\n<link rel=\"canonical\" href=\"https:\/\/visitkustavi.fi\/en\/planning-trip\/connections-and-schedules\/by-ship\/\" \/>\n<meta property=\"og:locale\" content=\"en_US\" \/>\n<meta property=\"og:type\" content=\"article\" \/>\n<meta property=\"og:title\" content=\"By ship to Kustavi - Visit Kustavi\" \/>\n<meta property=\"og:description\" content=\"The nearest passenger ports are Naantali, Turku, Hanko and Helsinki. Check the routes and timetables on the shipping companies&#039; websites.\" \/>\n<meta property=\"og:url\" content=\"https:\/\/visitkustavi.fi\/en\/planning-trip\/connections-and-schedules\/by-ship\/\" \/>\n<meta property=\"og:site_name\" content=\"Visit Kustavi\" \/>\n<meta property=\"article:publisher\" content=\"https:\/\/www.facebook.com\/visitkustavi\/\" \/>\n<meta property=\"og:image\" content=\"https:\/\/visitkustavi.fi\/wp-content\/uploads\/2024\/01\/facebook-linkki.jpg\" \/>\n\t<meta property=\"og:image:width\" content=\"1200\" \/>\n\t<meta property=\"og:image:height\" content=\"630\" \/>\n\t<meta property=\"og:image:type\" content=\"image\/jpeg\" \/>\n<meta name=\"twitter:card\" content=\"summary_large_image\" \/>\n<script type=\"application\/ld+json\" class=\"yoast-schema-graph\">{\"@context\":\"https:\/\/schema.org\",\"@graph\":[{\"@type\":\"WebPage\",\"@id\":\"https:\/\/visitkustavi.fi\/en\/planning-trip\/connections-and-schedules\/by-ship\/\",\"url\":\"https:\/\/visitkustavi.fi\/en\/planning-trip\/connections-and-schedules\/by-ship\/\",\"name\":\"By ship to Kustavi - Visit Kustavi\",\"isPartOf\":{\"@id\":\"https:\/\/visitkustavi.fi\/en\/#website\"},\"datePublished\":\"2021-12-21T20:53:25+00:00\",\"description\":\"The nearest passenger ports are Naantali, Turku, Hanko and Helsinki. Check the routes and timetables on the shipping companies' websites.\",\"breadcrumb\":{\"@id\":\"https:\/\/visitkustavi.fi\/en\/planning-trip\/connections-and-schedules\/by-ship\/#breadcrumb\"},\"inLanguage\":\"en-US\",\"potentialAction\":[{\"@type\":\"ReadAction\",\"target\":[\"https:\/\/visitkustavi.fi\/en\/planning-trip\/connections-and-schedules\/by-ship\/\"]}]},{\"@type\":\"BreadcrumbList\",\"@id\":\"https:\/\/visitkustavi.fi\/en\/planning-trip\/connections-and-schedules\/by-ship\/#breadcrumb\",\"itemListElement\":[{\"@type\":\"ListItem\",\"position\":1,\"name\":\"Home\",\"item\":\"https:\/\/visitkustavi.fi\/en\/\"},{\"@type\":\"ListItem\",\"position\":2,\"name\":\"Plan your trip\",\"item\":\"https:\/\/visitkustavi.fi\/en\/planning-trip\/\"},{\"@type\":\"ListItem\",\"position\":3,\"name\":\"Connections and schedules\",\"item\":\"https:\/\/visitkustavi.fi\/en\/planning-trip\/connections-and-schedules\/\"},{\"@type\":\"ListItem\",\"position\":4,\"name\":\"By ship\"}]},{\"@type\":\"WebSite\",\"@id\":\"https:\/\/visitkustavi.fi\/en\/#website\",\"url\":\"https:\/\/visitkustavi.fi\/en\/\",\"name\":\"Visit Kustavi\",\"description\":\"\",\"publisher\":{\"@id\":\"https:\/\/visitkustavi.fi\/en\/#organization\"},\"potentialAction\":[{\"@type\":\"SearchAction\",\"target\":{\"@type\":\"EntryPoint\",\"urlTemplate\":\"https:\/\/visitkustavi.fi\/en\/?s={search_term_string}\"},\"query-input\":{\"@type\":\"PropertyValueSpecification\",\"valueRequired\":true,\"valueName\":\"search_term_string\"}}],\"inLanguage\":\"en-US\"},{\"@type\":\"Organization\",\"@id\":\"https:\/\/visitkustavi.fi\/en\/#organization\",\"name\":\"Visit Kustavi\",\"url\":\"https:\/\/visitkustavi.fi\/en\/\",\"logo\":{\"@type\":\"ImageObject\",\"inLanguage\":\"en-US\",\"@id\":\"https:\/\/visitkustavi.fi\/en\/#\/schema\/logo\/image\/\",\"url\":\"https:\/\/visitkustavi.fi\/wp-content\/uploads\/2021\/01\/Logo_VisitKustavi-1.png\",\"contentUrl\":\"https:\/\/visitkustavi.fi\/wp-content\/uploads\/2021\/01\/Logo_VisitKustavi-1.png\",\"width\":1500,\"height\":800,\"caption\":\"Visit Kustavi\"},\"image\":{\"@id\":\"https:\/\/visitkustavi.fi\/en\/#\/schema\/logo\/image\/\"},\"sameAs\":[\"https:\/\/www.facebook.com\/visitkustavi\/\",\"https:\/\/www.instagram.com\/visitkustavi\/\",\"https:\/\/www.youtube.com\/channel\/UCt3g5LfuUo-6lJjqyZWSFKw\"]}]}<\/script>\n<!-- \/ Yoast SEO plugin. -->","yoast_head_json":{"title":"By ship to Kustavi - Visit Kustavi","description":"The nearest passenger ports are Naantali, Turku, Hanko and Helsinki. Check the routes and timetables on the shipping companies' websites.","robots":{"index":"index","follow":"follow","max-snippet":"max-snippet:-1","max-image-preview":"max-image-preview:large","max-video-preview":"max-video-preview:-1"},"canonical":"https:\/\/visitkustavi.fi\/en\/planning-trip\/connections-and-schedules\/by-ship\/","og_locale":"en_US","og_type":"article","og_title":"By ship to Kustavi - Visit Kustavi","og_description":"The nearest passenger ports are Naantali, Turku, Hanko and Helsinki. Check the routes and timetables on the shipping companies' websites.","og_url":"https:\/\/visitkustavi.fi\/en\/planning-trip\/connections-and-schedules\/by-ship\/","og_site_name":"Visit Kustavi","article_publisher":"https:\/\/www.facebook.com\/visitkustavi\/","og_image":[{"width":1200,"height":630,"url":"https:\/\/visitkustavi.fi\/wp-content\/uploads\/2024\/01\/facebook-linkki.jpg","type":"image\/jpeg"}],"twitter_card":"summary_large_image","schema":{"@context":"https:\/\/schema.org","@graph":[{"@type":"WebPage","@id":"https:\/\/visitkustavi.fi\/en\/planning-trip\/connections-and-schedules\/by-ship\/","url":"https:\/\/visitkustavi.fi\/en\/planning-trip\/connections-and-schedules\/by-ship\/","name":"By ship to Kustavi - Visit Kustavi","isPartOf":{"@id":"https:\/\/visitkustavi.fi\/en\/#website"},"datePublished":"2021-12-21T20:53:25+00:00","description":"The nearest passenger ports are Naantali, Turku, Hanko and Helsinki. Check the routes and timetables on the shipping companies' websites.","breadcrumb":{"@id":"https:\/\/visitkustavi.fi\/en\/planning-trip\/connections-and-schedules\/by-ship\/#breadcrumb"},"inLanguage":"en-US","potentialAction":[{"@type":"ReadAction","target":["https:\/\/visitkustavi.fi\/en\/planning-trip\/connections-and-schedules\/by-ship\/"]}]},{"@type":"BreadcrumbList","@id":"https:\/\/visitkustavi.fi\/en\/planning-trip\/connections-and-schedules\/by-ship\/#breadcrumb","itemListElement":[{"@type":"ListItem","position":1,"name":"Home","item":"https:\/\/visitkustavi.fi\/en\/"},{"@type":"ListItem","position":2,"name":"Plan your trip","item":"https:\/\/visitkustavi.fi\/en\/planning-trip\/"},{"@type":"ListItem","position":3,"name":"Connections and schedules","item":"https:\/\/visitkustavi.fi\/en\/planning-trip\/connections-and-schedules\/"},{"@type":"ListItem","position":4,"name":"By ship"}]},{"@type":"WebSite","@id":"https:\/\/visitkustavi.fi\/en\/#website","url":"https:\/\/visitkustavi.fi\/en\/","name":"Visit Kustavi","description":"","publisher":{"@id":"https:\/\/visitkustavi.fi\/en\/#organization"},"potentialAction":[{"@type":"SearchAction","target":{"@type":"EntryPoint","urlTemplate":"https:\/\/visitkustavi.fi\/en\/?s={search_term_string}"},"query-input":{"@type":"PropertyValueSpecification","valueRequired":true,"valueName":"search_term_string"}}],"inLanguage":"en-US"},{"@type":"Organization","@id":"https:\/\/visitkustavi.fi\/en\/#organization","name":"Visit Kustavi","url":"https:\/\/visitkustavi.fi\/en\/","logo":{"@type":"ImageObject","inLanguage":"en-US","@id":"https:\/\/visitkustavi.fi\/en\/#\/schema\/logo\/image\/","url":"https:\/\/visitkustavi.fi\/wp-content\/uploads\/2021\/01\/Logo_VisitKustavi-1.png","contentUrl":"https:\/\/visitkustavi.fi\/wp-content\/uploads\/2021\/01\/Logo_VisitKustavi-1.png","width":1500,"height":800,"caption":"Visit Kustavi"},"image":{"@id":"https:\/\/visitkustavi.fi\/en\/#\/schema\/logo\/image\/"},"sameAs":["https:\/\/www.facebook.com\/visitkustavi\/","https:\/\/www.instagram.com\/visitkustavi\/","https:\/\/www.youtube.com\/channel\/UCt3g5LfuUo-6lJjqyZWSFKw"]}]}},"_links":{"self":[{"href":"https:\/\/visitkustavi.fi\/en\/wp-json\/wp\/v2\/pages\/58421","targetHints":{"allow":["GET"]}}],"collection":[{"href":"https:\/\/visitkustavi.fi\/en\/wp-json\/wp\/v2\/pages"}],"about":[{"href":"https:\/\/visitkustavi.fi\/en\/wp-json\/wp\/v2\/types\/page"}],"author":[{"embeddable":true,"href":"https:\/\/visitkustavi.fi\/en\/wp-json\/wp\/v2\/users\/2"}],"replies":[{"embeddable":true,"href":"https:\/\/visitkustavi.fi\/en\/wp-json\/wp\/v2\/comments?post=58421"}],"version-history":[{"count":0,"href":"https:\/\/visitkustavi.fi\/en\/wp-json\/wp\/v2\/pages\/58421\/revisions"}],"up":[{"embeddable":true,"href":"https:\/\/visitkustavi.fi\/en\/wp-json\/wp\/v2\/pages\/58395"}],"wp:attachment":[{"href":"https:\/\/visitkustavi.fi\/en\/wp-json\/wp\/v2\/media?parent=58421"}],"wp:term":[{"taxonomy":"post_tag","embeddable":true,"href":"https:\/\/visitkustavi.fi\/en\/wp-json\/wp\/v2\/tags?post=58421"}],"curies":[{"name":"wp","href":"https:\/\/api.w.org\/{rel}","templated":true}]}}